{"id":1448,"date":"2021-10-18T07:29:35","date_gmt":"2021-10-18T07:29:35","guid":{"rendered":"https:\/\/qdos.cat\/politica-de-cookies\/"},"modified":"2023-03-28T13:38:40","modified_gmt":"2023-03-28T13:38:40","slug":"politica-de-cookies","status":"publish","type":"page","link":"https:\/\/qdos.cat\/ca\/politica-de-cookies\/","title":{"rendered":"Pol\u00edtica de cookies"},"content":{"rendered":"\t\t<div data-elementor-type=\"wp-page\" data-elementor-id=\"1448\" class=\"elementor elementor-1448 elementor-99\" data-elementor-post-type=\"page\">\n\t\t\t\t\t\t<section class=\"elementor-section elementor-top-section elementor-element elementor-element-98e1df3 elementor-section-boxed elementor-section-height-default elementor-section-height-default\" data-id=\"98e1df3\" data-element_type=\"section\" data-e-type=\"section\">\n\t\t\t\t\t\t<div class=\"elementor-container elementor-column-gap-default\">\n\t\t\t\t\t<div class=\"elementor-column elementor-col-100 elementor-top-column elementor-element elementor-element-f27ba1f\" data-id=\"f27ba1f\" data-element_type=\"column\" data-e-type=\"column\">\n\t\t\t<div class=\"elementor-widget-wrap elementor-element-populated\">\n\t\t\t\t\t\t<div class=\"elementor-element elementor-element-f6fca6d elementor-widget elementor-widget-heading\" data-id=\"f6fca6d\" data-element_type=\"widget\" data-e-type=\"widget\" data-widget_type=\"heading.default\">\n\t\t\t\t<div class=\"elementor-widget-container\">\n\t\t\t\t\t<h2 class=\"elementor-heading-title elementor-size-default\">POL\u00cdTICA DE COOKIES<\/h2>\t\t\t\t<\/div>\n\t\t\t\t<\/div>\n\t\t\t\t<div class=\"elementor-element elementor-element-b4c043b elementor-widget elementor-widget-text-editor\" data-id=\"b4c043b\" data-element_type=\"widget\" data-e-type=\"widget\" data-widget_type=\"text-editor.default\">\n\t\t\t\t<div class=\"elementor-widget-container\">\n\t\t\t\t\t\t\t\t\t<p>Si vols saber m\u00e9s sobre l&#8217;\u00fas de galetes que realitza aquest lloc web <strong><\/strong><b>,<\/b> ets al lloc indicat. A continuaci\u00f3, explicarem qu\u00e8 s\u00f3n exactament les cookies; quin tipus de cookies utilitzem i per a qu\u00e8; i com pots exercir el teu dret per configurar el teu navegador i desestimar-ne l&#8217;\u00fas de qualsevol.<\/p>\n<p>Aix\u00f2 s\u00ed, has de saber, que si decideixes no utilitzar algunes cookies, aquest lloc web pot no funcionar perfectament, afectant la teva experi\u00e8ncia dusuari.<\/p>\n<p><b>QU\u00c9 ES UNA COOKIE<\/b><\/p>\n<p>Una <i>cookie<\/i> \u00e9s un fitxer que es descarrega al teu ordinador en accedir a determinades p\u00e0gines web o blocs.<\/p>\n<p>Les <i>cookies<\/i> permeten a aquesta p\u00e0gina, entre altres coses, emmagatzemar i recuperar informaci\u00f3 sobre els teus h\u00e0bits de navegaci\u00f3 o del teu equip, i depenent de la informaci\u00f3 que continguin i de la manera com utilitzis el teu equip, es poden utilitzar per recon\u00e8ixer-te.<\/p>\n<p>El navegador de l&#8217;usuari memoritza cookies al disc dur nom\u00e9s durant la sessi\u00f3 actual ocupant un espai de mem\u00f2ria m\u00ednim i no perjudicant l&#8217;ordinador. Les cookies no contenen cap tipus d&#8217;informaci\u00f3 personal espec\u00edfica, i la majoria s&#8217;esborren del disc dur en finalitzar la sessi\u00f3 de navegador (les anomenades galetes de sessi\u00f3).<\/p>\n<p>La majoria dels navegadors accepten com a est\u00e0ndard les cookies i, amb independ\u00e8ncia de les mateixes, permeten o impedeixen en els ajustaments de seguretat les cookies temporals o memoritzades.<\/p>\n<p>Les cookies s&#8217;associen al navegador, no a la persona, per aix\u00f2 no solen emmagatzemar informaci\u00f3 sensible sobre tu com targetes de cr\u00e8dit o dades banc\u00e0ries, fotografies o informaci\u00f3 personal, etc. Les dades que guarden s\u00f3n de car\u00e0cter t\u00e8cnic, estad\u00edstiques, prefer\u00e8ncies personals, personalitzaci\u00f3 de continguts, etc.<\/p>\n<p><b>ACCEPTACI\u00d3 DE LES COOKIES: NORMATIVA VIGENT<\/b><\/p>\n<p>En accedir a aquest lloc web, i d&#8217;acord amb la normativa vigent en mat\u00e8ria de protecci\u00f3 de dades, us informem de l&#8217;\u00fas de cookies, donant-vos l&#8217;opci\u00f3 d&#8217;acceptar-les expressament i d&#8217;accedir a m\u00e9s informaci\u00f3 a trav\u00e9s d&#8217;aquesta Pol\u00edtica de Cookies.<\/p>\n<p>Has de saber que, en cas de continuar navegant, estar\u00e0s prestant el teu consentiment per a l&#8217;\u00fas d&#8217;aquestes cookies. Per\u00f2, en qualsevol moment, podr\u00e0s canviar d&#8217;opini\u00f3 i bloquejar-ne la utilitzaci\u00f3 a trav\u00e9s del teu navegador.<\/p>\n<p>Per a la teva total tranquil\u00b7litat, aquest lloc web compleix amb all\u00f2 estipulat a la normativa vigent en relaci\u00f3 amb l&#8217;\u00fas de les cookies i les teves dades personals:<\/p>\n<p>El reglament LSSI-CE ( <b>Ley de la sociedad de la informaci\u00f3n y del comercio electr\u00f3nico<\/b>)<\/p>\n<p>El <b>RGPD <\/b>(<b>Reglamento (UE) 2016\/679 del Parlamento Europeo y del Consejo de 27 de abril de 2016 relativo a la protecci\u00f3n de las personas f\u00edsicas<\/b>), que unifica la regulaci\u00f3 del tractament de les dades personals als pa\u00efsos de la UE.<\/p>\n<p>Aquesta Pol\u00edtica de Cookies podria modificar-se en qualsevol moment per adaptar-se a novetats normatives o canvis en les nostres activitats, sent vigent la que en cada moment es trobe publicada a la web.<\/p>\n<p><b>TIPUS DE COOKIES<\/b><\/p>\n<p>Per poder oferir una millor experi\u00e8ncia d&#8217;usuari, obtenir dades anal\u00edtiques, emmagatzemar i recuperar informaci\u00f3 sobre els teus h\u00e0bits de navegaci\u00f3 o del teu equip i desenvolupar la seva activitat, aquest lloc web <strong><\/strong><b>,<\/b> utilitza cookies pr\u00f2pies i de tercers.<\/p>\n<p><b>Quins tipus de cookies utilitza aquest lloc web?<\/b><\/p>\n<ul>\n<li><b>Cookies t\u00e9cniques<\/b>: S\u00f3n aquelles que permeten a l&#8217;usuari la navegaci\u00f3 a trav\u00e9s d&#8217;una p\u00e0gina web, plataforma o aplicaci\u00f3 i la utilitzaci\u00f3 de les diferents opcions o serveis que hi hagi com, per exemple, controlar el tr\u00e0nsit i la comunicaci\u00f3 de dades, identificar la sessi\u00f3, accedir a parts d&#8217;acc\u00e9s restringit, recordar els elements que integren una comanda, fer el proc\u00e9s de compra d&#8217;una comanda, fer la sol\u00b7licitud d&#8217;inscripci\u00f3 o participaci\u00f3 en un esdeveniment, utilitzar elements de seguretat durant la navegaci\u00f3, emmagatzemar continguts per a la difusi\u00f3 de v\u00eddeos o so o compartir continguts a trav\u00e9s de xarxes socials.<\/li>\n<\/ul>\n<ul>\n<li><b>Cookies de personalitzaci\u00f3<\/b>: S\u00f3n aquelles que permeten a l&#8217;usuari accedir al servei amb algunes caracter\u00edstiques de car\u00e0cter general predefinides en funci\u00f3 d&#8217;una s\u00e8rie de criteris al terminal de l&#8217;usuari com ara serien l&#8217;idioma, el tipus de navegador a trav\u00e9s del qual accedeix al servei, la configuraci\u00f3 regional des d&#8217;on accedix al servei, etc.<\/li>\n<\/ul>\n<ul>\n<li><b>Cookies de an\u00e0lisis<\/b>: S\u00f3n aquelles que ben tractades per nosaltres o per tercers, ens permeten quantificar el nombre d&#8217;usuaris i aix\u00ed realitzar el mesurament i l&#8217;an\u00e0lisi estad\u00edstica de la utilitzaci\u00f3 que fan els usuaris del servei ofert. Per aix\u00f2 s&#8217;analitza la vostra navegaci\u00f3 a la nostra p\u00e0gina web per tal de millorar l&#8217;oferta de productes o serveis que us oferim.<\/li>\n<\/ul>\n<ul>\n<li><b>Cookies publicit\u00e0ries<\/b>: S\u00f3n aquelles que, ben tractades per nosaltres o per tercers, ens permeten gestionar de la manera m\u00e9s efica\u00e7 possible l&#8217;oferta dels espais publicitaris que hi ha a la p\u00e0gina web, adequant el contingut de l&#8217;anunci al contingut del servei sol\u00b7licitat oa l&#8217;\u00fas que realitzeu de la nostra p\u00e0gina web. Per aix\u00f2 podem analitzar els teus h\u00e0bits de navegaci\u00f3 a Internet i podem mostrar publicitat relacionada amb el teu perfil de navegaci\u00f3.<\/li>\n<\/ul>\n<ul>\n<li><b>Cookies de publicitat comportamental<\/b>: S\u00f3n aquelles que permeten la gesti\u00f3, de la manera m\u00e9s efica\u00e7 possible, dels espais publicitaris que, si escau, l&#8217;editor hagi incl\u00f2s en una p\u00e0gina web, aplicaci\u00f3 o plataforma des de la qual presta el servei sol\u00b7licitat. Aquestess cookies emmagatzemen informaci\u00f3 del comportament dels usuaris obtinguda a trav\u00e9s de l&#8217;observaci\u00f3 continuada dels seus h\u00e0bits de navegaci\u00f3, cosa que permet desenvolupar un perfil espec\u00edfic per mostrar publicitat en funci\u00f3 del mateix.<\/li>\n<\/ul>\n<ul>\n<li><b>Cookies de tercers<\/b>: Aquesta web <strong><\/strong><b>,<\/b> podeu utilitzar serveis de tercers que, per compte de Google, recopilaran informaci\u00f3 amb finalitats estad\u00edstiques, d\u00fas del lloc per part de lusuari i per a la prestaci\u00f3 daltres serveis relacionats amb lactivitat del lloc web i altres serveis dInternet.<\/li>\n<\/ul>\n<p>En particular, aquest lloc web utilitza Google Analytics, un servei anal\u00edtic de web prestat per Google, Inc. amb domicili als Estats Units amb seu central el 1600 Amphitheatre Parkway, Mountain View, Calif\u00f2rnia 94043. Per a la prestaci\u00f3 d&#8217;aquests serveis, Google utilitza galetes que recopilen la informaci\u00f3, inclosa l&#8217;adre\u00e7a IP de l&#8217;usuari, que ser\u00e0 transmesa, tractada i emmagatzemada per Google en els termes fixats al web Google.com. Aix\u00f2 inclou la possible transmissi\u00f3 d&#8217;aquesta informaci\u00f3 a tercers per raons d&#8217;exig\u00e8ncia legal o quan aquests tercers processin la informaci\u00f3 per compte de Google.<\/p>\n<p><strong>GESTIONAR I REBUTJAR L&#8217;\u00daS DE COOKIES<\/strong><\/p>\n<p>En qualsevol moment, podeu adaptar la configuraci\u00f3 del navegador per gestionar, desestimar l&#8217;\u00fas de cookies i ser notificat abans que es descarreguin.<\/p>\n<p>Tamb\u00e9 podeu adaptar la configuraci\u00f3 de manera que el navegador rebutgi totes les <i>cookies<\/i>, o \u00fanicament les <i>cookies<\/i> de tercers. I tamb\u00e9 pots eliminar qualsevol de les <i>cookies<\/i> que ja es trobin al teu equip.<\/p>\n<p>Per aix\u00f2, has de tenir en compte que haur\u00e0s d&#8217;adaptar per separat la configuraci\u00f3 de cada navegador i equip que utilitzis ja que, com hem comentat anteriorment, les cookies s&#8217;associen al navegador, no a la persona.<\/p>\n<p><a href=\"https:\/\/support.google.com\/chrome\/answer\/95647?hl=es-419\" target=\"_blank\" rel=\"noopener\"><b>Google Chrome<\/b><\/a><\/p>\n<p><a href=\"https:\/\/support.microsoft.com\/es-es\/help\/17442\/windows-internet-explorer-delete-manage-cookies#ie=ie-10\" target=\"_blank\" rel=\"noopener\"><b>Internet Explorer<\/b><\/a><\/p>\n<p><a href=\"https:\/\/support.mozilla.org\/es\/kb\/habilitar-y-deshabilitar-cookies-sitios-web-rastrear-preferencias?redirectlocale=es&amp;redirectslug=habilitar-y-deshabilitar-cookies-que-los-sitios-we\" target=\"_blank\" rel=\"noopener\"><b>Mozilla Firefox<\/b><\/a><\/p>\n<p><a href=\"https:\/\/support.apple.com\/es-es\/HT201265\" target=\"_blank\" rel=\"noopener\"><b>Apple Safari<\/b><\/a><\/p>\n<p>Si tens qualsevol dubte sobre aquesta Pol\u00edtica de Cookies, pots contactar amb nosaltres enviant-nos un mail a <strong><\/strong>.<\/p>\n\t\t\t\t\t\t\t\t<\/div>\n\t\t\t\t<\/div>\n\t\t\t\t\t<\/div>\n\t\t<\/div>\n\t\t\t\t\t<\/div>\n\t\t<\/section>\n\t\t\t\t<\/div>\n\t\t","protected":false},"excerpt":{"rendered":"<p>POL\u00cdTICA DE COOKIES Si vols saber m\u00e9s sobre l&#8217;\u00fas de galetes que realitza aquest lloc web , ets al lloc indicat. A continuaci\u00f3, explicarem qu\u00e8 s\u00f3n exactament les cookies; quin tipus de cookies utilitzem i per a qu\u00e8; i com pots exercir el teu dret per configurar el teu navegador i desestimar-ne l&#8217;\u00fas de qualsevol. [&hellip;]<\/p>\n","protected":false},"author":2,"featured_media":0,"parent":0,"menu_order":0,"comment_status":"closed","ping_status":"closed","template":"","meta":{"_acf_changed":false,"footnotes":""},"class_list":["post-1448","page","type-page","status-publish","hentry"],"acf":[],"yoast_head":"<!-- This site is optimized with the Yoast SEO plugin v27.5 - https:\/\/yoast.com\/product\/yoast-seo-wordpress\/ -->\n<title>Pol\u00edtica de cookies - Qdos<\/title>\n<meta name=\"robots\" content=\"index, follow, max-snippet:-1, max-image-preview:large, max-video-preview:-1\" \/>\n<link rel=\"canonical\" href=\"https:\/\/qdos.cat\/ca\/politica-de-cookies\/\" \/>\n<meta property=\"og:locale\" content=\"ca_ES\" \/>\n<meta property=\"og:type\" content=\"article\" \/>\n<meta property=\"og:title\" content=\"Pol\u00edtica de cookies - Qdos\" \/>\n<meta property=\"og:description\" content=\"POL\u00cdTICA DE COOKIES Si vols saber m\u00e9s sobre l&#8217;\u00fas de galetes que realitza aquest lloc web , ets al lloc indicat. A continuaci\u00f3, explicarem qu\u00e8 s\u00f3n exactament les cookies; quin tipus de cookies utilitzem i per a qu\u00e8; i com pots exercir el teu dret per configurar el teu navegador i desestimar-ne l&#8217;\u00fas de qualsevol. [&hellip;]\" \/>\n<meta property=\"og:url\" content=\"https:\/\/qdos.cat\/ca\/politica-de-cookies\/\" \/>\n<meta property=\"og:site_name\" content=\"Qdos\" \/>\n<meta property=\"article:modified_time\" content=\"2023-03-28T13:38:40+00:00\" \/>\n<meta name=\"twitter:card\" content=\"summary_large_image\" \/>\n<meta name=\"twitter:label1\" content=\"Temps estimat de lectura\" \/>\n\t<meta name=\"twitter:data1\" content=\"6 minuts\" \/>\n<script type=\"application\/ld+json\" class=\"yoast-schema-graph\">{\"@context\":\"https:\\\/\\\/schema.org\",\"@graph\":[{\"@type\":\"WebPage\",\"@id\":\"https:\\\/\\\/qdos.cat\\\/ca\\\/politica-de-cookies\\\/\",\"url\":\"https:\\\/\\\/qdos.cat\\\/ca\\\/politica-de-cookies\\\/\",\"name\":\"Pol\u00edtica de cookies - Qdos\",\"isPartOf\":{\"@id\":\"https:\\\/\\\/qdos.cat\\\/#website\"},\"datePublished\":\"2021-10-18T07:29:35+00:00\",\"dateModified\":\"2023-03-28T13:38:40+00:00\",\"breadcrumb\":{\"@id\":\"https:\\\/\\\/qdos.cat\\\/ca\\\/politica-de-cookies\\\/#breadcrumb\"},\"inLanguage\":\"ca\",\"potentialAction\":[{\"@type\":\"ReadAction\",\"target\":[\"https:\\\/\\\/qdos.cat\\\/ca\\\/politica-de-cookies\\\/\"]}]},{\"@type\":\"BreadcrumbList\",\"@id\":\"https:\\\/\\\/qdos.cat\\\/ca\\\/politica-de-cookies\\\/#breadcrumb\",\"itemListElement\":[{\"@type\":\"ListItem\",\"position\":1,\"name\":\"Portada\",\"item\":\"https:\\\/\\\/qdos.cat\\\/ca\\\/qdos\\\/\"},{\"@type\":\"ListItem\",\"position\":2,\"name\":\"Pol\u00edtica de cookies\"}]},{\"@type\":\"WebSite\",\"@id\":\"https:\\\/\\\/qdos.cat\\\/#website\",\"url\":\"https:\\\/\\\/qdos.cat\\\/\",\"name\":\"Qdos\",\"description\":\"Equip expert en reformes i interiorisme\",\"publisher\":{\"@id\":\"https:\\\/\\\/qdos.cat\\\/#organization\"},\"potentialAction\":[{\"@type\":\"SearchAction\",\"target\":{\"@type\":\"EntryPoint\",\"urlTemplate\":\"https:\\\/\\\/qdos.cat\\\/?s={search_term_string}\"},\"query-input\":{\"@type\":\"PropertyValueSpecification\",\"valueRequired\":true,\"valueName\":\"search_term_string\"}}],\"inLanguage\":\"ca\"},{\"@type\":\"Organization\",\"@id\":\"https:\\\/\\\/qdos.cat\\\/#organization\",\"name\":\"Qdos\",\"url\":\"https:\\\/\\\/qdos.cat\\\/\",\"logo\":{\"@type\":\"ImageObject\",\"inLanguage\":\"ca\",\"@id\":\"https:\\\/\\\/qdos.cat\\\/#\\\/schema\\\/logo\\\/image\\\/\",\"url\":\"\",\"contentUrl\":\"\",\"caption\":\"Qdos\"},\"image\":{\"@id\":\"https:\\\/\\\/qdos.cat\\\/#\\\/schema\\\/logo\\\/image\\\/\"}}]}<\/script>\n<!-- \/ Yoast SEO plugin. -->","yoast_head_json":{"title":"Pol\u00edtica de cookies - Qdos","robots":{"index":"index","follow":"follow","max-snippet":"max-snippet:-1","max-image-preview":"max-image-preview:large","max-video-preview":"max-video-preview:-1"},"canonical":"https:\/\/qdos.cat\/ca\/politica-de-cookies\/","og_locale":"ca_ES","og_type":"article","og_title":"Pol\u00edtica de cookies - Qdos","og_description":"POL\u00cdTICA DE COOKIES Si vols saber m\u00e9s sobre l&#8217;\u00fas de galetes que realitza aquest lloc web , ets al lloc indicat. A continuaci\u00f3, explicarem qu\u00e8 s\u00f3n exactament les cookies; quin tipus de cookies utilitzem i per a qu\u00e8; i com pots exercir el teu dret per configurar el teu navegador i desestimar-ne l&#8217;\u00fas de qualsevol. [&hellip;]","og_url":"https:\/\/qdos.cat\/ca\/politica-de-cookies\/","og_site_name":"Qdos","article_modified_time":"2023-03-28T13:38:40+00:00","twitter_card":"summary_large_image","twitter_misc":{"Temps estimat de lectura":"6 minuts"},"schema":{"@context":"https:\/\/schema.org","@graph":[{"@type":"WebPage","@id":"https:\/\/qdos.cat\/ca\/politica-de-cookies\/","url":"https:\/\/qdos.cat\/ca\/politica-de-cookies\/","name":"Pol\u00edtica de cookies - Qdos","isPartOf":{"@id":"https:\/\/qdos.cat\/#website"},"datePublished":"2021-10-18T07:29:35+00:00","dateModified":"2023-03-28T13:38:40+00:00","breadcrumb":{"@id":"https:\/\/qdos.cat\/ca\/politica-de-cookies\/#breadcrumb"},"inLanguage":"ca","potentialAction":[{"@type":"ReadAction","target":["https:\/\/qdos.cat\/ca\/politica-de-cookies\/"]}]},{"@type":"BreadcrumbList","@id":"https:\/\/qdos.cat\/ca\/politica-de-cookies\/#breadcrumb","itemListElement":[{"@type":"ListItem","position":1,"name":"Portada","item":"https:\/\/qdos.cat\/ca\/qdos\/"},{"@type":"ListItem","position":2,"name":"Pol\u00edtica de cookies"}]},{"@type":"WebSite","@id":"https:\/\/qdos.cat\/#website","url":"https:\/\/qdos.cat\/","name":"Qdos","description":"Equip expert en reformes i interiorisme","publisher":{"@id":"https:\/\/qdos.cat\/#organization"},"potentialAction":[{"@type":"SearchAction","target":{"@type":"EntryPoint","urlTemplate":"https:\/\/qdos.cat\/?s={search_term_string}"},"query-input":{"@type":"PropertyValueSpecification","valueRequired":true,"valueName":"search_term_string"}}],"inLanguage":"ca"},{"@type":"Organization","@id":"https:\/\/qdos.cat\/#organization","name":"Qdos","url":"https:\/\/qdos.cat\/","logo":{"@type":"ImageObject","inLanguage":"ca","@id":"https:\/\/qdos.cat\/#\/schema\/logo\/image\/","url":"","contentUrl":"","caption":"Qdos"},"image":{"@id":"https:\/\/qdos.cat\/#\/schema\/logo\/image\/"}}]}},"_links":{"self":[{"href":"https:\/\/qdos.cat\/ca\/wp-json\/wp\/v2\/pages\/1448","targetHints":{"allow":["GET"]}}],"collection":[{"href":"https:\/\/qdos.cat\/ca\/wp-json\/wp\/v2\/pages"}],"about":[{"href":"https:\/\/qdos.cat\/ca\/wp-json\/wp\/v2\/types\/page"}],"author":[{"embeddable":true,"href":"https:\/\/qdos.cat\/ca\/wp-json\/wp\/v2\/users\/2"}],"replies":[{"embeddable":true,"href":"https:\/\/qdos.cat\/ca\/wp-json\/wp\/v2\/comments?post=1448"}],"version-history":[{"count":0,"href":"https:\/\/qdos.cat\/ca\/wp-json\/wp\/v2\/pages\/1448\/revisions"}],"wp:attachment":[{"href":"https:\/\/qdos.cat\/ca\/wp-json\/wp\/v2\/media?parent=1448"}],"curies":[{"name":"wp","href":"https:\/\/api.w.org\/{rel}","templated":true}]}}